{"id":17,"date":"2018-04-18T10:40:26","date_gmt":"2018-04-18T08:40:26","guid":{"rendered":"http:\/\/champagne-desbordes-amiaud.com\/?page_id=17"},"modified":"2021-11-12T11:09:47","modified_gmt":"2021-11-12T10:09:47","slug":"accueil","status":"publish","type":"page","link":"https:\/\/champagne-desbordes-amiaud.com\/index.php\/accueil\/","title":{"rendered":"Histoire"},"content":{"rendered":"\n<div class=\"wp-block-group alignfull\"><div class=\"wp-block-group__inner-container\">\n<p style=\"text-align: center;\"><div id=\"metaslider-id-55\" style=\"max-width: 650px;\" class=\"ml-slider-3-23-0 metaslider metaslider-nivo metaslider-55 ml-slider\">\n    <div id=\"metaslider_container_55\">\n        <div class='slider-wrapper theme-default'><div class='ribbon'><\/div><div id='metaslider_55' class='nivoSlider'><img src=\"https:\/\/champagne-desbordes-amiaud.com\/wp-content\/uploads\/2018\/10\/H5.jpg\" height=\"450\" width=\"650\" title=\"H5\" alt=\"\" class=\"slider-55 slide-288\" \/><img src=\"https:\/\/champagne-desbordes-amiaud.com\/wp-content\/uploads\/2018\/10\/H3.jpg\" height=\"450\" width=\"650\" title=\"H3\" alt=\"\" class=\"slider-55 slide-291\" \/><img src=\"https:\/\/champagne-desbordes-amiaud.com\/wp-content\/uploads\/2018\/10\/H2.jpg\" height=\"450\" width=\"650\" title=\"H2\" alt=\"\" class=\"slider-55 slide-292\" \/><img src=\"https:\/\/champagne-desbordes-amiaud.com\/wp-content\/uploads\/2018\/10\/H7.jpg\" height=\"450\" width=\"650\" title=\"H7\" alt=\"\" class=\"slider-55 slide-289\" \/><img src=\"https:\/\/champagne-desbordes-amiaud.com\/wp-content\/uploads\/2018\/10\/H4.jpg\" height=\"450\" width=\"650\" title=\"H4\" alt=\"\" class=\"slider-55 slide-293\" \/><img src=\"https:\/\/champagne-desbordes-amiaud.com\/wp-content\/uploads\/2018\/10\/H1.jpg\" height=\"450\" width=\"650\" title=\"H1\" alt=\"\" class=\"slider-55 slide-294\" \/><img src=\"https:\/\/champagne-desbordes-amiaud.com\/wp-content\/uploads\/2018\/10\/H8-600x415.jpg\" height=\"450\" width=\"650\" title=\"H8\" alt=\"\" class=\"slider-55 slide-290\" \/><img src=\"https:\/\/champagne-desbordes-amiaud.com\/wp-content\/uploads\/2018\/10\/H9.jpg\" height=\"450\" width=\"650\" title=\"H9\" alt=\"\" class=\"slider-55 slide-287\" \/><\/div><\/div>\n        \n    <\/div>\n<\/div><\/p>\n<h4><span style=\"font-family: 'courier new', courier, monospace;\">\u00ab\u00a0Une histoire depuis 1692, des vies, des \u00e2mes, notre terre familiale &#8230;\u00a0\u00bb<\/span><\/h4>\n<p style=\"text-align: justify;\"><span style=\"font-family: 'book antiqua', palatino, serif; color: #ffffff;\">Cette ancienne famille de vignerons, propri\u00e9taires, cultive la vigne depuis 1692 \u00e0 Ecueil, dans la Montagne de Reims. A travers les si\u00e8cles, les mariages unissent les familles Philippart &#8211; Coquet &#8211; Mongardien &#8211; Amiaud &#8211; Desbordes &#8211; Pouillon &#8211; Spreux. Pendant 180 ans, ces diff\u00e9rents mariages ont fait \u00e9voluer la marque commerciale. Aujourd&rsquo;hui, la maison propose \u00e9galement les Champagnes ELODIE D., marque commerciale cr\u00e9\u00e9e en 2015 par \u00c9lodie Desbordes, actuellement derni\u00e8re g\u00e9n\u00e9ration de la famille.\u00a0<\/span><\/p>\n<p style=\"text-align: justify;\"><span style=\"font-family: 'book antiqua', palatino, serif; color: #ffffff;\">Tous ont \u00e9t\u00e9 des propri\u00e9taires, ind\u00e9pendants et R\u00e9coltants Manipulants d\u00e8s leurs premi\u00e8res bouteilles vinifi\u00e9es en 1844.<\/span><\/p>\n<p style=\"text-align: justify;\"><span style=\"font-family: 'book antiqua', palatino, serif; color: #ffffff;\">En 1969, Marie-Christine reprend la carte de RM (r\u00e9coltant-manipulant) de sa m\u00e8re H\u00e9l\u00e8ne-Rose. Marie-Christine a g\u00e9r\u00e9 cette entreprise familiale en \u00e9tant la 7\u00e8me g\u00e9n\u00e9ration. En plus de la commercialisation de son Champagne sous la marque devenue Desbordes-Amiaud, Marie-Christine entre au sein du syndicat des courtiers en 1987 \u00e0 la suite de sa m\u00e8re (elle-m\u00eame \u00e0 l\u2019\u00e9poque seule femme courtier apr\u00e8s la guerre). De plus, en 1989, elle int\u00e8gre l\u2019association des FCE (membre pendant 32 ans !) et en 1990 le LIONS Club (membre depuis 32 ans !). <\/span><\/p>\n<p style=\"text-align: justify;\"><span style=\"font-family: 'book antiqua', palatino, serif; color: #ffffff;\">En 1997, Elodie s\u2019installe dans la soci\u00e9t\u00e9 cr\u00e9\u00e9e avec sa maman Marie-Christine. L\u2019exploitation s\u2019est de nouveau transmise de m\u00e8re en fille ! Ce domaine familial est g\u00e9r\u00e9 par des femmes depuis 1 si\u00e8cle.<\/span><\/p>\n<p style=\"text-align: left;\"><img loading=\"lazy\" class=\"alignnone  wp-image-544\" src=\"http:\/\/champagne-desbordes-amiaud.com\/wp-content\/uploads\/2021\/11\/IMG_5977.jpg\" alt=\"\" width=\"159\" height=\"159\" srcset=\"https:\/\/champagne-desbordes-amiaud.com\/wp-content\/uploads\/2021\/11\/IMG_5977.jpg 697w, https:\/\/champagne-desbordes-amiaud.com\/wp-content\/uploads\/2021\/11\/IMG_5977-150x150.jpg 150w, https:\/\/champagne-desbordes-amiaud.com\/wp-content\/uploads\/2021\/11\/IMG_5977-300x300.jpg 300w, https:\/\/champagne-desbordes-amiaud.com\/wp-content\/uploads\/2021\/11\/IMG_5977-666x666.jpg 666w, https:\/\/champagne-desbordes-amiaud.com\/wp-content\/uploads\/2021\/11\/IMG_5977-254x254.jpg 254w\" sizes=\"(max-width: 159px) 100vw, 159px\" \/>\u00a0\u00a0<img loading=\"lazy\" class=\"alignnone  wp-image-542\" src=\"http:\/\/champagne-desbordes-amiaud.com\/wp-content\/uploads\/2021\/11\/IMG_5974.jpg\" alt=\"\" width=\"157\" height=\"157\" srcset=\"https:\/\/champagne-desbordes-amiaud.com\/wp-content\/uploads\/2021\/11\/IMG_5974.jpg 1084w, https:\/\/champagne-desbordes-amiaud.com\/wp-content\/uploads\/2021\/11\/IMG_5974-150x150.jpg 150w, https:\/\/champagne-desbordes-amiaud.com\/wp-content\/uploads\/2021\/11\/IMG_5974-300x300.jpg 300w, https:\/\/champagne-desbordes-amiaud.com\/wp-content\/uploads\/2021\/11\/IMG_5974-768x768.jpg 768w, https:\/\/champagne-desbordes-amiaud.com\/wp-content\/uploads\/2021\/11\/IMG_5974-1024x1024.jpg 1024w, https:\/\/champagne-desbordes-amiaud.com\/wp-content\/uploads\/2021\/11\/IMG_5974-666x666.jpg 666w, https:\/\/champagne-desbordes-amiaud.com\/wp-content\/uploads\/2021\/11\/IMG_5974-254x254.jpg 254w\" sizes=\"(max-width: 157px) 100vw, 157px\" \/>\u00a0\u00a0<img loading=\"lazy\" class=\"alignnone  wp-image-565\" src=\"http:\/\/champagne-desbordes-amiaud.com\/wp-content\/uploads\/2021\/11\/IMG_5216.jpg\" alt=\"\" width=\"158\" height=\"158\" srcset=\"https:\/\/champagne-desbordes-amiaud.com\/wp-content\/uploads\/2021\/11\/IMG_5216.jpg 1533w, https:\/\/champagne-desbordes-amiaud.com\/wp-content\/uploads\/2021\/11\/IMG_5216-150x150.jpg 150w, https:\/\/champagne-desbordes-amiaud.com\/wp-content\/uploads\/2021\/11\/IMG_5216-300x300.jpg 300w, https:\/\/champagne-desbordes-amiaud.com\/wp-content\/uploads\/2021\/11\/IMG_5216-768x768.jpg 768w, https:\/\/champagne-desbordes-amiaud.com\/wp-content\/uploads\/2021\/11\/IMG_5216-1024x1024.jpg 1024w, https:\/\/champagne-desbordes-amiaud.com\/wp-content\/uploads\/2021\/11\/IMG_5216-640x640.jpg 640w, https:\/\/champagne-desbordes-amiaud.com\/wp-content\/uploads\/2021\/11\/IMG_5216-666x666.jpg 666w, https:\/\/champagne-desbordes-amiaud.com\/wp-content\/uploads\/2021\/11\/IMG_5216-50x50.jpg 50w\" sizes=\"(max-width: 158px) 100vw, 158px\" \/>\u00a0\u00a0<img loading=\"lazy\" class=\"alignnone  wp-image-566\" src=\"http:\/\/champagne-desbordes-amiaud.com\/wp-content\/uploads\/2021\/11\/211609745_638920107505088_6693061566745833473_n.jpg\" alt=\"\" width=\"157\" height=\"157\" srcset=\"https:\/\/champagne-desbordes-amiaud.com\/wp-content\/uploads\/2021\/11\/211609745_638920107505088_6693061566745833473_n.jpg 1440w, https:\/\/champagne-desbordes-amiaud.com\/wp-content\/uploads\/2021\/11\/211609745_638920107505088_6693061566745833473_n-150x150.jpg 150w, https:\/\/champagne-desbordes-amiaud.com\/wp-content\/uploads\/2021\/11\/211609745_638920107505088_6693061566745833473_n-300x300.jpg 300w, https:\/\/champagne-desbordes-amiaud.com\/wp-content\/uploads\/2021\/11\/211609745_638920107505088_6693061566745833473_n-768x768.jpg 768w, https:\/\/champagne-desbordes-amiaud.com\/wp-content\/uploads\/2021\/11\/211609745_638920107505088_6693061566745833473_n-1024x1024.jpg 1024w, https:\/\/champagne-desbordes-amiaud.com\/wp-content\/uploads\/2021\/11\/211609745_638920107505088_6693061566745833473_n-640x640.jpg 640w, https:\/\/champagne-desbordes-amiaud.com\/wp-content\/uploads\/2021\/11\/211609745_638920107505088_6693061566745833473_n-666x666.jpg 666w, https:\/\/champagne-desbordes-amiaud.com\/wp-content\/uploads\/2021\/11\/211609745_638920107505088_6693061566745833473_n-50x50.jpg 50w\" sizes=\"(max-width: 157px) 100vw, 157px\" \/>\u00a0\u00a0<img loading=\"lazy\" class=\"alignnone  wp-image-567\" src=\"http:\/\/champagne-desbordes-amiaud.com\/wp-content\/uploads\/2021\/11\/IMG_1347.jpg\" alt=\"\" width=\"160\" height=\"160\" srcset=\"https:\/\/champagne-desbordes-amiaud.com\/wp-content\/uploads\/2021\/11\/IMG_1347.jpg 3024w, https:\/\/champagne-desbordes-amiaud.com\/wp-content\/uploads\/2021\/11\/IMG_1347-150x150.jpg 150w, https:\/\/champagne-desbordes-amiaud.com\/wp-content\/uploads\/2021\/11\/IMG_1347-300x300.jpg 300w, https:\/\/champagne-desbordes-amiaud.com\/wp-content\/uploads\/2021\/11\/IMG_1347-768x768.jpg 768w, https:\/\/champagne-desbordes-amiaud.com\/wp-content\/uploads\/2021\/11\/IMG_1347-1024x1024.jpg 1024w, https:\/\/champagne-desbordes-amiaud.com\/wp-content\/uploads\/2021\/11\/IMG_1347-640x640.jpg 640w, https:\/\/champagne-desbordes-amiaud.com\/wp-content\/uploads\/2021\/11\/IMG_1347-666x666.jpg 666w, https:\/\/champagne-desbordes-amiaud.com\/wp-content\/uploads\/2021\/11\/IMG_1347-50x50.jpg 50w\" sizes=\"(max-width: 160px) 100vw, 160px\" \/><\/p>\n<p>\u00a0<\/p>\n<\/div><\/div>\n","protected":false},"excerpt":{"rendered":"<p>\u00ab\u00a0Une histoire depuis 1692, des vies, des \u00e2mes, notre terre familiale &#8230;\u00a0\u00bb Cette ancienne famille de vignerons, propri\u00e9taires, cultive la<\/p>\n<p><a href=\"https:\/\/champagne-desbordes-amiaud.com\/index.php\/accueil\/\" class=\"more-link\">Continue reading<span class=\"screen-reader-text\">Histoire<\/span><\/a><\/p>\n","protected":false},"author":1,"featured_media":0,"parent":0,"menu_order":0,"comment_status":"closed","ping_status":"closed","template":"","meta":[],"_links":{"self":[{"href":"https:\/\/champagne-desbordes-amiaud.com\/index.php\/wp-json\/wp\/v2\/pages\/17"}],"collection":[{"href":"https:\/\/champagne-desbordes-amiaud.com\/index.php\/wp-json\/wp\/v2\/pages"}],"about":[{"href":"https:\/\/champagne-desbordes-amiaud.com\/index.php\/wp-json\/wp\/v2\/types\/page"}],"author":[{"embeddable":true,"href":"https:\/\/champagne-desbordes-amiaud.com\/index.php\/wp-json\/wp\/v2\/users\/1"}],"replies":[{"embeddable":true,"href":"https:\/\/champagne-desbordes-amiaud.com\/index.php\/wp-json\/wp\/v2\/comments?post=17"}],"version-history":[{"count":43,"href":"https:\/\/champagne-desbordes-amiaud.com\/index.php\/wp-json\/wp\/v2\/pages\/17\/revisions"}],"predecessor-version":[{"id":600,"href":"https:\/\/champagne-desbordes-amiaud.com\/index.php\/wp-json\/wp\/v2\/pages\/17\/revisions\/600"}],"wp:attachment":[{"href":"https:\/\/champagne-desbordes-amiaud.com\/index.php\/wp-json\/wp\/v2\/media?parent=17"}],"curies":[{"name":"wp","href":"https:\/\/api.w.org\/{rel}","templated":true}]}}