{"id":18,"date":"2018-04-18T10:40:26","date_gmt":"2018-04-18T08:40:26","guid":{"rendered":"http:\/\/champagne-desbordes-amiaud.com\/?page_id=18"},"modified":"2021-11-12T11:13:12","modified_gmt":"2021-11-12T10:13:12","slug":"a-propos-de","status":"publish","type":"page","link":"https:\/\/champagne-desbordes-amiaud.com\/index.php\/a-propos-de\/","title":{"rendered":"Tradition"},"content":{"rendered":"<p><img loading=\"lazy\" class=\"alignnone size-full wp-image-394 aligncenter\" src=\"http:\/\/champagne-desbordes-amiaud.com\/wp-content\/uploads\/2018\/11\/desborde-brut-bouteille-OK.png\" alt=\"\" width=\"294\" height=\"600\" srcset=\"https:\/\/champagne-desbordes-amiaud.com\/wp-content\/uploads\/2018\/11\/desborde-brut-bouteille-OK.png 294w, https:\/\/champagne-desbordes-amiaud.com\/wp-content\/uploads\/2018\/11\/desborde-brut-bouteille-OK-147x300.png 147w\" sizes=\"(max-width: 294px) 100vw, 294px\" \/><\/p>\n<table style=\"width: 100%; border-collapse: collapse; border-style: hidden;\" border=\"0\">\n<tbody>\n<tr>\n<td style=\"width: 50%; text-align: left;\"><span style=\"font-family: 'book antiqua', palatino, serif; color: #ffffff;\">Brut Tradition vendu en France<\/span><br \/>\n<span style=\"font-family: 'book antiqua', palatino, serif; color: #ffffff;\">sur le site www.ventealapropriete.com<\/span><br \/>\n<span style=\"font-family: 'book antiqua', palatino, serif; color: #ffffff;\">de 2009 \u00e0 2016<\/span><\/td>\n<td style=\"width: 50%; text-align: left;\"><span style=\"font-family: 'book antiqua', palatino, serif; color: #ffffff;\">Brut Tradition vendu en Su\u00e8de<\/span><br \/>\n<span style=\"color: #ffffff; font-family: book antiqua, palatino, serif;\"><span style=\"caret-color: #ffffff;\">\u00e0 partir de 2021<\/span><\/span><\/td>\n<\/tr>\n<\/tbody>\n<\/table>\n<p><img loading=\"lazy\" class=\"wp-image-387 alignleft\" src=\"http:\/\/champagne-desbordes-amiaud.com\/wp-content\/uploads\/2018\/11\/logo_valap.png\" alt=\"\" width=\"201\" height=\"76\" srcset=\"https:\/\/champagne-desbordes-amiaud.com\/wp-content\/uploads\/2018\/11\/logo_valap.png 676w, https:\/\/champagne-desbordes-amiaud.com\/wp-content\/uploads\/2018\/11\/logo_valap-300x114.png 300w\" sizes=\"(max-width: 201px) 100vw, 201px\" \/><\/p>\n","protected":false},"excerpt":{"rendered":"<p>Brut Tradition vendu en France sur le site www.ventealapropriete.com de 2009 \u00e0 2016 Brut Tradition vendu en Su\u00e8de \u00e0 partir<\/p>\n<p><a href=\"https:\/\/champagne-desbordes-amiaud.com\/index.php\/a-propos-de\/\" class=\"more-link\">Continue reading<span class=\"screen-reader-text\">Tradition<\/span><\/a><\/p>\n","protected":false},"author":1,"featured_media":0,"parent":0,"menu_order":0,"comment_status":"closed","ping_status":"closed","template":"","meta":[],"_links":{"self":[{"href":"https:\/\/champagne-desbordes-amiaud.com\/index.php\/wp-json\/wp\/v2\/pages\/18"}],"collection":[{"href":"https:\/\/champagne-desbordes-amiaud.com\/index.php\/wp-json\/wp\/v2\/pages"}],"about":[{"href":"https:\/\/champagne-desbordes-amiaud.com\/index.php\/wp-json\/wp\/v2\/types\/page"}],"author":[{"embeddable":true,"href":"https:\/\/champagne-desbordes-amiaud.com\/index.php\/wp-json\/wp\/v2\/users\/1"}],"replies":[{"embeddable":true,"href":"https:\/\/champagne-desbordes-amiaud.com\/index.php\/wp-json\/wp\/v2\/comments?post=18"}],"version-history":[{"count":15,"href":"https:\/\/champagne-desbordes-amiaud.com\/index.php\/wp-json\/wp\/v2\/pages\/18\/revisions"}],"predecessor-version":[{"id":603,"href":"https:\/\/champagne-desbordes-amiaud.com\/index.php\/wp-json\/wp\/v2\/pages\/18\/revisions\/603"}],"wp:attachment":[{"href":"https:\/\/champagne-desbordes-amiaud.com\/index.php\/wp-json\/wp\/v2\/media?parent=18"}],"curies":[{"name":"wp","href":"https:\/\/api.w.org\/{rel}","templated":true}]}}