{"id":440,"date":"2021-11-02T13:41:46","date_gmt":"2021-11-02T12:41:46","guid":{"rendered":"http:\/\/champagne-desbordes-amiaud.com\/?page_id=440"},"modified":"2022-02-18T10:04:10","modified_gmt":"2022-02-18T09:04:10","slug":"accueil-2","status":"publish","type":"page","link":"https:\/\/champagne-desbordes-amiaud.com\/","title":{"rendered":"Accueil"},"content":{"rendered":"\n<div class=\"wp-block-columns\">\n<div class=\"wp-block-column\">\n<div class=\"wp-block-image\"><figure class=\"aligncenter size-large\"><img loading=\"lazy\" width=\"1024\" height=\"529\" src=\"http:\/\/champagne-desbordes-amiaud.com\/wp-content\/uploads\/2022\/02\/IMG_6080-copie-1-1024x529.png\" alt=\"\" class=\"wp-image-619\" srcset=\"https:\/\/champagne-desbordes-amiaud.com\/wp-content\/uploads\/2022\/02\/IMG_6080-copie-1-1024x529.png 1024w, https:\/\/champagne-desbordes-amiaud.com\/wp-content\/uploads\/2022\/02\/IMG_6080-copie-1-300x155.png 300w, https:\/\/champagne-desbordes-amiaud.com\/wp-content\/uploads\/2022\/02\/IMG_6080-copie-1-768x397.png 768w, https:\/\/champagne-desbordes-amiaud.com\/wp-content\/uploads\/2022\/02\/IMG_6080-copie-1-1536x793.png 1536w, https:\/\/champagne-desbordes-amiaud.com\/wp-content\/uploads\/2022\/02\/IMG_6080-copie-1-2048x1058.png 2048w\" sizes=\"(max-width: 1024px) 100vw, 1024px\" \/><\/figure><\/div>\n\n\n\n<h4>Champagne Desbordes-Amiaud propose une s\u00e9lection de Champagnes Mill\u00e9sim\u00e9s, du terroir d\u2019\u00c9cueil en Premier Cru.\u00a0<\/h4>\n\n\n\n<p><\/p>\n<\/div>\n\n\n\n<div class=\"wp-block-column\">\n<figure class=\"wp-block-image size-large is-style-default\"><img loading=\"lazy\" width=\"1024\" height=\"1024\" src=\"http:\/\/champagne-desbordes-amiaud.com\/wp-content\/uploads\/2022\/02\/WhatsApp-Image-2022-02-18-at-08.45.01-5-1024x1024.jpeg\" alt=\"\" class=\"wp-image-621\" srcset=\"https:\/\/champagne-desbordes-amiaud.com\/wp-content\/uploads\/2022\/02\/WhatsApp-Image-2022-02-18-at-08.45.01-5.jpeg 1024w, https:\/\/champagne-desbordes-amiaud.com\/wp-content\/uploads\/2022\/02\/WhatsApp-Image-2022-02-18-at-08.45.01-5-300x300.jpeg 300w, https:\/\/champagne-desbordes-amiaud.com\/wp-content\/uploads\/2022\/02\/WhatsApp-Image-2022-02-18-at-08.45.01-5-150x150.jpeg 150w, https:\/\/champagne-desbordes-amiaud.com\/wp-content\/uploads\/2022\/02\/WhatsApp-Image-2022-02-18-at-08.45.01-5-768x768.jpeg 768w, https:\/\/champagne-desbordes-amiaud.com\/wp-content\/uploads\/2022\/02\/WhatsApp-Image-2022-02-18-at-08.45.01-5-640x640.jpeg 640w, https:\/\/champagne-desbordes-amiaud.com\/wp-content\/uploads\/2022\/02\/WhatsApp-Image-2022-02-18-at-08.45.01-5-666x666.jpeg 666w, https:\/\/champagne-desbordes-amiaud.com\/wp-content\/uploads\/2022\/02\/WhatsApp-Image-2022-02-18-at-08.45.01-5-50x50.jpeg 50w\" sizes=\"(max-width: 1024px) 100vw, 1024px\" \/><\/figure>\n<\/div>\n<\/div>\n\n\n<p style=\"text-align: center;\"><span style=\"color: #ffffff; font-family: 'book antiqua', palatino, serif;\">Une robe d\u2019or soutenu, des bulles extr\u00eamement fines, un nez envoutant, des saveurs \u00e9volutives au cours de la d\u00e9gustation : un tr\u00e9sor \u0153nologique pour les \u00e9picuriens !<span class=\"Apple-converted-space\">\u00a0<\/span><\/span><\/p>\n<p style=\"text-align: left;\"><span style=\"color: #ffffff; font-family: 'book antiqua', palatino, serif;\">D\u00e9couvrez \u00e9galement les <span style=\"font-family: symbol;\">Champagnes ELODIE D.\u00a0<\/span><\/span><span style=\"color: #ffffff; font-family: 'book antiqua', palatino, serif; font-size: 1.125rem;\">A la suite de Marie-Christine Desbordes, sa fille, \u00c9lodie, a repris le domaine familial et vous fait d\u00e9couvrir aujourd\u2019hui ses Champagnes. Rendez-vous sur ses r\u00e9seaux sociaux (@champagneelodied) pour en savoir plus, ainsi que sur son site Internet (<\/span><a style=\"color: #ffffff;\" href=\"http:\/\/www.champagneelodied.com\">www.champagneelodied.com<\/a><span style=\"color: #ffffff; font-family: 'book antiqua', palatino, serif; font-size: 1.125rem;\">).<\/span><\/p>","protected":false},"excerpt":{"rendered":"<p>Champagne Desbordes-Amiaud propose une s\u00e9lection de Champagnes Mill\u00e9sim\u00e9s, du terroir d\u2019\u00c9cueil en Premier Cru.\u00a0 Une robe d\u2019or soutenu, des bulles<\/p>\n<p><a href=\"https:\/\/champagne-desbordes-amiaud.com\/\" class=\"more-link\">Continue reading<span class=\"screen-reader-text\">Accueil<\/span><\/a><\/p>\n","protected":false},"author":2,"featured_media":0,"parent":0,"menu_order":0,"comment_status":"closed","ping_status":"closed","template":"","meta":[],"_links":{"self":[{"href":"https:\/\/champagne-desbordes-amiaud.com\/index.php\/wp-json\/wp\/v2\/pages\/440"}],"collection":[{"href":"https:\/\/champagne-desbordes-amiaud.com\/index.php\/wp-json\/wp\/v2\/pages"}],"about":[{"href":"https:\/\/champagne-desbordes-amiaud.com\/index.php\/wp-json\/wp\/v2\/types\/page"}],"author":[{"embeddable":true,"href":"https:\/\/champagne-desbordes-amiaud.com\/index.php\/wp-json\/wp\/v2\/users\/2"}],"replies":[{"embeddable":true,"href":"https:\/\/champagne-desbordes-amiaud.com\/index.php\/wp-json\/wp\/v2\/comments?post=440"}],"version-history":[{"count":12,"href":"https:\/\/champagne-desbordes-amiaud.com\/index.php\/wp-json\/wp\/v2\/pages\/440\/revisions"}],"predecessor-version":[{"id":623,"href":"https:\/\/champagne-desbordes-amiaud.com\/index.php\/wp-json\/wp\/v2\/pages\/440\/revisions\/623"}],"wp:attachment":[{"href":"https:\/\/champagne-desbordes-amiaud.com\/index.php\/wp-json\/wp\/v2\/media?parent=440"}],"curies":[{"name":"wp","href":"https:\/\/api.w.org\/{rel}","templated":true}]}}