{"id":85,"date":"2018-04-18T11:17:42","date_gmt":"2018-04-18T09:17:42","guid":{"rendered":"http:\/\/champagne-desbordes-amiaud.com\/?page_id=85"},"modified":"2021-11-29T11:56:18","modified_gmt":"2021-11-29T10:56:18","slug":"les-vieux-millesimes","status":"publish","type":"page","link":"https:\/\/champagne-desbordes-amiaud.com\/index.php\/les-vieux-millesimes\/","title":{"rendered":"Les Vieux Mill\u00e9simes"},"content":{"rendered":"\t\t<div data-elementor-type=\"wp-page\" data-elementor-id=\"85\" class=\"elementor elementor-85\" data-elementor-settings=\"[]\">\n\t\t\t\t\t\t\t<div class=\"elementor-section-wrap\">\n\t\t\t\t\t\t\t<section class=\"elementor-section elementor-top-section elementor-element elementor-element-345a192f elementor-section-boxed elementor-section-height-default elementor-section-height-default\" data-id=\"345a192f\" data-element_type=\"section\">\n\t\t\t\t\t\t<div class=\"elementor-container elementor-column-gap-default\">\n\t\t\t\t\t<div class=\"elementor-column elementor-col-100 elementor-top-column elementor-element elementor-element-30a178cb\" data-id=\"30a178cb\" data-element_type=\"column\">\n\t\t\t<div class=\"elementor-widget-wrap elementor-element-populated\">\n\t\t\t\t\t\t\t\t<div class=\"elementor-element elementor-element-5be96f3f elementor-widget elementor-widget-text-editor\" data-id=\"5be96f3f\" data-element_type=\"widget\" data-widget_type=\"text-editor.default\">\n\t\t\t\t<div class=\"elementor-widget-container\">\n\t\t\t\t\t\t\t<img loading=\"lazy\" class=\"alignnone wp-image-554 size-full\" src=\"http:\/\/champagne-desbordes-amiaud.com\/wp-content\/uploads\/2021\/11\/Capture-d\u2019\u00e9cran-2021-11-02-\u00e0-16.20.37.png\" alt=\"\" width=\"1360\" height=\"772\" srcset=\"https:\/\/champagne-desbordes-amiaud.com\/wp-content\/uploads\/2021\/11\/Capture-d\u2019\u00e9cran-2021-11-02-\u00e0-16.20.37.png 1360w, https:\/\/champagne-desbordes-amiaud.com\/wp-content\/uploads\/2021\/11\/Capture-d\u2019\u00e9cran-2021-11-02-\u00e0-16.20.37-300x170.png 300w, https:\/\/champagne-desbordes-amiaud.com\/wp-content\/uploads\/2021\/11\/Capture-d\u2019\u00e9cran-2021-11-02-\u00e0-16.20.37-768x436.png 768w, https:\/\/champagne-desbordes-amiaud.com\/wp-content\/uploads\/2021\/11\/Capture-d\u2019\u00e9cran-2021-11-02-\u00e0-16.20.37-1024x581.png 1024w\" sizes=\"(max-width: 1360px) 100vw, 1360px\" \/>\n<h4 style=\"text-align: center;\">1988 &#8211; 1989 &#8211; 1990 &#8211; 1995 -1996<\/h4>\n<p style=\"text-align: center;\"><span style=\"font-family: 'book antiqua', palatino, serif; color: #ffffff;\">Pur Pinot Noir d\u2019Ecueil<\/span><\/p>\n<p style=\"text-align: center;\"><span style=\"font-family: 'book antiqua', palatino, serif; color: #ffffff;\">Des Champagnes ronds, charpent\u00e9s et puissants<\/span><\/p>\n<p style=\"text-align: center;\"><span style=\"font-family: 'book antiqua', palatino, serif; color: #ffffff;\">D\u2019une robe d\u2019un or soutenu<\/span><\/p>\n<p style=\"text-align: center;\"><span style=\"font-family: 'book antiqua', palatino, serif; color: #ffffff;\">Une palette aromatique complexe m\u00ealant des ar\u00f4mes gourmands (miel, pain beurr\u00e9, brioche, vanille) empyreumatiques (caf\u00e9, fruits secs grill\u00e9s, fum\u00e9), sous-bois (champignons frais) et des notes florales.<\/span><\/p>\n<p style=\"text-align: center;\"><span style=\"font-family: 'book antiqua', palatino, serif; color: #ffffff;\">Grande longueur en bouche<\/span><\/p>\n&nbsp;\n<table style=\"width: 100%; border-collapse: collapse; border-style: hidden;\" border=\"1\">\n<tbody>\n<tr>\n<td style=\"width: 50%; text-align: center;\"><div id=\"metaslider-id-204\" style=\"max-width: 450px;\" class=\"ml-slider-3-23-0 metaslider metaslider-flex metaslider-204 ml-slider\">\n    <div id=\"metaslider_container_204\">\n        <div id=\"metaslider_204\">\n            <ul aria-live=\"polite\" class=\"slides\">\n                <li style=\"display: block; width: 100%;\" class=\"slide-325 ms-image\"><img loading=\"lazy\" src=\"https:\/\/champagne-desbordes-amiaud.com\/wp-content\/uploads\/2018\/10\/instagram1-2-450x288.jpg\" height=\"288\" width=\"450\" alt=\"\" class=\"slider-204 slide-325\" title=\"instagram1 (2)\" \/><\/li>\n                <li style=\"display: none; width: 100%;\" class=\"slide-326 ms-image\"><img loading=\"lazy\" src=\"https:\/\/champagne-desbordes-amiaud.com\/wp-content\/uploads\/2018\/10\/instagram1-16-450x288.jpg\" height=\"288\" width=\"450\" alt=\"\" class=\"slider-204 slide-326\" title=\"instagram1 (16)\" \/><\/li>\n                <li style=\"display: none; width: 100%;\" class=\"slide-327 ms-image\"><img loading=\"lazy\" src=\"https:\/\/champagne-desbordes-amiaud.com\/wp-content\/uploads\/2018\/10\/instagram1-15-450x288.jpg\" height=\"288\" width=\"450\" alt=\"\" class=\"slider-204 slide-327\" title=\"instagram1 (15)\" \/><\/li>\n                <li style=\"display: none; width: 100%;\" class=\"slide-328 ms-image\"><img loading=\"lazy\" src=\"https:\/\/champagne-desbordes-amiaud.com\/wp-content\/uploads\/2018\/10\/instagram1-14-450x288.jpg\" height=\"288\" width=\"450\" alt=\"\" class=\"slider-204 slide-328\" title=\"instagram1 (14)\" \/><\/li>\n                <li style=\"display: none; width: 100%;\" class=\"slide-329 ms-image\"><img loading=\"lazy\" src=\"https:\/\/champagne-desbordes-amiaud.com\/wp-content\/uploads\/2018\/10\/instagram1-13-450x288.jpg\" height=\"288\" width=\"450\" alt=\"\" class=\"slider-204 slide-329\" title=\"instagram1 (13)\" \/><\/li>\n                <li style=\"display: none; width: 100%;\" class=\"slide-330 ms-image\"><img loading=\"lazy\" src=\"https:\/\/champagne-desbordes-amiaud.com\/wp-content\/uploads\/2018\/10\/instagram1-12-450x288.jpg\" height=\"288\" width=\"450\" alt=\"\" class=\"slider-204 slide-330\" title=\"instagram1 (12)\" \/><\/li>\n                <li style=\"display: none; width: 100%;\" class=\"slide-331 ms-image\"><img loading=\"lazy\" src=\"https:\/\/champagne-desbordes-amiaud.com\/wp-content\/uploads\/2018\/10\/instagram1-11-450x288.jpg\" height=\"288\" width=\"450\" alt=\"\" class=\"slider-204 slide-331\" title=\"instagram1 (11)\" \/><\/li>\n                <li style=\"display: none; width: 100%;\" class=\"slide-332 ms-image\"><img loading=\"lazy\" src=\"https:\/\/champagne-desbordes-amiaud.com\/wp-content\/uploads\/2018\/10\/instagram1-10-450x288.jpg\" height=\"288\" width=\"450\" alt=\"\" class=\"slider-204 slide-332\" title=\"instagram1 (10)\" \/><\/li>\n                <li style=\"display: none; width: 100%;\" class=\"slide-333 ms-image\"><img loading=\"lazy\" src=\"https:\/\/champagne-desbordes-amiaud.com\/wp-content\/uploads\/2018\/10\/instagram1-8-450x288.jpg\" height=\"288\" width=\"450\" alt=\"\" class=\"slider-204 slide-333\" title=\"instagram1 (8)\" \/><\/li>\n                <li style=\"display: none; width: 100%;\" class=\"slide-334 ms-image\"><img loading=\"lazy\" src=\"https:\/\/champagne-desbordes-amiaud.com\/wp-content\/uploads\/2018\/10\/instagram1-9-450x288.jpg\" height=\"288\" width=\"450\" alt=\"\" class=\"slider-204 slide-334\" title=\"instagram1 (9)\" \/><\/li>\n                <li style=\"display: none; width: 100%;\" class=\"slide-335 ms-image\"><img loading=\"lazy\" src=\"https:\/\/champagne-desbordes-amiaud.com\/wp-content\/uploads\/2018\/10\/instagram1-7-450x288.jpg\" height=\"288\" width=\"450\" alt=\"\" class=\"slider-204 slide-335\" title=\"instagram1 (7)\" \/><\/li>\n                <li style=\"display: none; width: 100%;\" class=\"slide-336 ms-image\"><img loading=\"lazy\" src=\"https:\/\/champagne-desbordes-amiaud.com\/wp-content\/uploads\/2018\/10\/instagram1-5-450x288.jpg\" height=\"288\" width=\"450\" alt=\"\" class=\"slider-204 slide-336\" title=\"instagram1 (5)\" \/><\/li>\n                <li style=\"display: none; width: 100%;\" class=\"slide-337 ms-image\"><img loading=\"lazy\" src=\"https:\/\/champagne-desbordes-amiaud.com\/wp-content\/uploads\/2018\/10\/instagram1-6-450x288.jpg\" height=\"288\" width=\"450\" alt=\"\" class=\"slider-204 slide-337\" title=\"instagram1 (6)\" \/><\/li>\n                <li style=\"display: none; width: 100%;\" class=\"slide-338 ms-image\"><img loading=\"lazy\" src=\"https:\/\/champagne-desbordes-amiaud.com\/wp-content\/uploads\/2018\/10\/instagram1-4-450x288.jpg\" height=\"288\" width=\"450\" alt=\"\" class=\"slider-204 slide-338\" title=\"instagram1 (4)\" \/><\/li>\n                <li style=\"display: none; width: 100%;\" class=\"slide-339 ms-image\"><img loading=\"lazy\" src=\"https:\/\/champagne-desbordes-amiaud.com\/wp-content\/uploads\/2018\/10\/instagram1-3-450x288.jpg\" height=\"288\" width=\"450\" alt=\"\" class=\"slider-204 slide-339\" title=\"instagram1 (3)\" \/><\/li>\n                <li style=\"display: none; width: 100%;\" class=\"slide-340 ms-image\"><img loading=\"lazy\" src=\"https:\/\/champagne-desbordes-amiaud.com\/wp-content\/uploads\/2018\/10\/instagram1-1-450x288.jpg\" height=\"288\" width=\"450\" alt=\"\" class=\"slider-204 slide-340\" title=\"instagram1 (1)\" \/><\/li>\n                <li style=\"display: none; width: 100%;\" class=\"slide-437 ms-image\"><img loading=\"lazy\" src=\"https:\/\/champagne-desbordes-amiaud.com\/wp-content\/uploads\/2021\/11\/Capture-d\u2019\u00e9cran-2021-11-02-\u00e0-10.31.18-450x288.png\" height=\"288\" width=\"450\" alt=\"\" class=\"slider-204 slide-437\" title=\"D\u00e9gustation vieux mill\u00e9simes Champagne Desbordes-Amiaud\" \/><\/li>\n            <\/ul>\n        <\/div>\n        \n    <\/div>\n<\/div><\/td>\n<td style=\"width: 50%; text-align: center;\"><div id=\"metaslider-id-237\" style=\"width: 100%;\" class=\"ml-slider-3-23-0 metaslider metaslider-flex metaslider-237 ml-slider\">\n    <div id=\"metaslider_container_237\">\n        <div id=\"metaslider_237\">\n            <ul aria-live=\"polite\" class=\"slides\">\n                <li style=\"display: block; width: 100%;\" class=\"slide-357 ms-image\"><img loading=\"lazy\" src=\"https:\/\/champagne-desbordes-amiaud.com\/wp-content\/uploads\/2018\/10\/instagram1-32-450x288.jpg\" height=\"288\" width=\"450\" alt=\"\" class=\"slider-237 slide-357\" title=\"instagram1 (32)\" \/><\/li>\n                <li style=\"display: none; width: 100%;\" class=\"slide-358 ms-image\"><img loading=\"lazy\" src=\"https:\/\/champagne-desbordes-amiaud.com\/wp-content\/uploads\/2018\/10\/instagram1-30-450x288.jpg\" height=\"288\" width=\"450\" alt=\"\" class=\"slider-237 slide-358\" title=\"instagram1 (30)\" \/><\/li>\n                <li style=\"display: none; width: 100%;\" class=\"slide-359 ms-image\"><img loading=\"lazy\" src=\"https:\/\/champagne-desbordes-amiaud.com\/wp-content\/uploads\/2018\/10\/instagram1-31-450x288.jpg\" height=\"288\" width=\"450\" alt=\"\" class=\"slider-237 slide-359\" title=\"instagram1 (31)\" \/><\/li>\n                <li style=\"display: none; width: 100%;\" class=\"slide-360 ms-image\"><img loading=\"lazy\" src=\"https:\/\/champagne-desbordes-amiaud.com\/wp-content\/uploads\/2018\/10\/instagram1-27-450x288.jpg\" height=\"288\" width=\"450\" alt=\"\" class=\"slider-237 slide-360\" title=\"instagram1 (27)\" \/><\/li>\n                <li style=\"display: none; width: 100%;\" class=\"slide-361 ms-image\"><img loading=\"lazy\" src=\"https:\/\/champagne-desbordes-amiaud.com\/wp-content\/uploads\/2018\/10\/instagram1-29-450x288.jpg\" height=\"288\" width=\"450\" alt=\"\" class=\"slider-237 slide-361\" title=\"instagram1 (29)\" \/><\/li>\n                <li style=\"display: none; width: 100%;\" class=\"slide-362 ms-image\"><img loading=\"lazy\" src=\"https:\/\/champagne-desbordes-amiaud.com\/wp-content\/uploads\/2018\/10\/instagram1-28-450x288.jpg\" height=\"288\" width=\"450\" alt=\"\" class=\"slider-237 slide-362\" title=\"instagram1 (28)\" \/><\/li>\n                <li style=\"display: none; width: 100%;\" class=\"slide-363 ms-image\"><img loading=\"lazy\" src=\"https:\/\/champagne-desbordes-amiaud.com\/wp-content\/uploads\/2018\/10\/instagram1-24-450x288.jpg\" height=\"288\" width=\"450\" alt=\"\" class=\"slider-237 slide-363\" title=\"instagram1 (24)\" \/><\/li>\n                <li style=\"display: none; width: 100%;\" class=\"slide-364 ms-image\"><img loading=\"lazy\" src=\"https:\/\/champagne-desbordes-amiaud.com\/wp-content\/uploads\/2018\/10\/instagram1-25-450x288.jpg\" height=\"288\" width=\"450\" alt=\"\" class=\"slider-237 slide-364\" title=\"instagram1 (25)\" \/><\/li>\n                <li style=\"display: none; width: 100%;\" class=\"slide-365 ms-image\"><img loading=\"lazy\" src=\"https:\/\/champagne-desbordes-amiaud.com\/wp-content\/uploads\/2018\/10\/instagram1-26-450x288.jpg\" height=\"288\" width=\"450\" alt=\"\" class=\"slider-237 slide-365\" title=\"instagram1 (26)\" \/><\/li>\n                <li style=\"display: none; width: 100%;\" class=\"slide-366 ms-image\"><img loading=\"lazy\" src=\"https:\/\/champagne-desbordes-amiaud.com\/wp-content\/uploads\/2018\/10\/instagram1-22-450x288.jpg\" height=\"288\" width=\"450\" alt=\"\" class=\"slider-237 slide-366\" title=\"instagram1 (22)\" \/><\/li>\n                <li style=\"display: none; width: 100%;\" class=\"slide-367 ms-image\"><img loading=\"lazy\" src=\"https:\/\/champagne-desbordes-amiaud.com\/wp-content\/uploads\/2018\/10\/instagram1-23-450x288.jpg\" height=\"288\" width=\"450\" alt=\"\" class=\"slider-237 slide-367\" title=\"instagram1 (23)\" \/><\/li>\n                <li style=\"display: none; width: 100%;\" class=\"slide-368 ms-image\"><img loading=\"lazy\" src=\"https:\/\/champagne-desbordes-amiaud.com\/wp-content\/uploads\/2018\/10\/instagram1-19-450x288.jpg\" height=\"288\" width=\"450\" alt=\"\" class=\"slider-237 slide-368\" title=\"instagram1 (19)\" \/><\/li>\n                <li style=\"display: none; width: 100%;\" class=\"slide-369 ms-image\"><img loading=\"lazy\" src=\"https:\/\/champagne-desbordes-amiaud.com\/wp-content\/uploads\/2018\/10\/instagram1-20-450x288.jpg\" height=\"288\" width=\"450\" alt=\"\" class=\"slider-237 slide-369\" title=\"instagram1 (20)\" \/><\/li>\n                <li style=\"display: none; width: 100%;\" class=\"slide-370 ms-image\"><img loading=\"lazy\" src=\"https:\/\/champagne-desbordes-amiaud.com\/wp-content\/uploads\/2018\/10\/instagram1-21-450x288.jpg\" height=\"288\" width=\"450\" alt=\"\" class=\"slider-237 slide-370\" title=\"instagram1 (21)\" \/><\/li>\n                <li style=\"display: none; width: 100%;\" class=\"slide-371 ms-image\"><img loading=\"lazy\" src=\"https:\/\/champagne-desbordes-amiaud.com\/wp-content\/uploads\/2018\/10\/instagram1-17-450x288.jpg\" height=\"288\" width=\"450\" alt=\"\" class=\"slider-237 slide-371\" title=\"instagram1 (17)\" \/><\/li>\n                <li style=\"display: none; width: 100%;\" class=\"slide-372 ms-image\"><img loading=\"lazy\" src=\"https:\/\/champagne-desbordes-amiaud.com\/wp-content\/uploads\/2018\/10\/instagram1-18-450x288.jpg\" height=\"288\" width=\"450\" alt=\"\" class=\"slider-237 slide-372\" title=\"instagram1 (18)\" \/><\/li>\n                <li style=\"display: none; width: 100%;\" class=\"slide-428 ms-image\"><img loading=\"lazy\" src=\"https:\/\/champagne-desbordes-amiaud.com\/wp-content\/uploads\/2021\/04\/Capture-d\u2019\u00e9cran-2021-04-27-\u00e0-08.58.35-450x288.png\" height=\"288\" width=\"450\" alt=\"\" class=\"slider-237 slide-428\" title=\"Capture d\u2019\u00e9cran 2021-04-27 \u00e0 08.58.35\" \/><\/li>\n                <li style=\"display: none; width: 100%;\" class=\"slide-439 ms-image\"><img loading=\"lazy\" src=\"https:\/\/champagne-desbordes-amiaud.com\/wp-content\/uploads\/2021\/11\/Capture-d\u2019\u00e9cran-2021-11-02-\u00e0-10.36.39-450x288.png\" height=\"288\" width=\"450\" alt=\"\" class=\"slider-237 slide-439\" title=\"D\u00e9gustation vieux mill\u00e9simes chez Bulles &amp; Bonheur\" \/><\/li>\n            <\/ul>\n        <\/div>\n        \n    <\/div>\n<\/div><\/td>\n<\/tr>\n<\/tbody>\n<\/table>\n<p style=\"text-align: center;\"><\/p>\t\t\t\t\t\t<\/div>\n\t\t\t\t<\/div>\n\t\t\t\t<div class=\"elementor-element elementor-element-3aa0484 elementor-align-center elementor-widget elementor-widget-button\" data-id=\"3aa0484\" data-element_type=\"widget\" data-widget_type=\"button.default\">\n\t\t\t\t<div class=\"elementor-widget-container\">\n\t\t\t\t\t<div class=\"elementor-button-wrapper\">\n\t\t\t<a href=\"https:\/\/bulles-bonheur.com\/fr\/17-les-vieux-millesimes-desbordes-amiaud\" class=\"elementor-button-link elementor-button elementor-size-sm\" role=\"button\">\n\t\t\t\t\t\t<span class=\"elementor-button-content-wrapper\">\n\t\t\t\t\t\t<span class=\"elementor-button-text\">Commander ici <\/span>\n\t\t<\/span>\n\t\t\t\t\t<\/a>\n\t\t<\/div>\n\t\t\t\t<\/div>\n\t\t\t\t<\/div>\n\t\t\t\t\t<\/div>\n\t\t<\/div>\n\t\t\t\t\t\t\t<\/div>\n\t\t<\/section>\n\t\t\t\t\t\t<\/div>\n\t\t\t\t\t<\/div>\n\t\t","protected":false},"excerpt":{"rendered":"<p>1988 &#8211; 1989 &#8211; 1990 &#8211; 1995 -1996 Pur Pinot Noir d\u2019Ecueil Des Champagnes ronds, charpent\u00e9s et puissants D\u2019une robe<\/p>\n<p><a href=\"https:\/\/champagne-desbordes-amiaud.com\/index.php\/les-vieux-millesimes\/\" class=\"more-link\">Continue reading<span class=\"screen-reader-text\">Les Vieux Mill\u00e9simes<\/span><\/a><\/p>\n","protected":false},"author":1,"featured_media":0,"parent":0,"menu_order":0,"comment_status":"closed","ping_status":"closed","template":"","meta":[],"_links":{"self":[{"href":"https:\/\/champagne-desbordes-amiaud.com\/index.php\/wp-json\/wp\/v2\/pages\/85"}],"collection":[{"href":"https:\/\/champagne-desbordes-amiaud.com\/index.php\/wp-json\/wp\/v2\/pages"}],"about":[{"href":"https:\/\/champagne-desbordes-amiaud.com\/index.php\/wp-json\/wp\/v2\/types\/page"}],"author":[{"embeddable":true,"href":"https:\/\/champagne-desbordes-amiaud.com\/index.php\/wp-json\/wp\/v2\/users\/1"}],"replies":[{"embeddable":true,"href":"https:\/\/champagne-desbordes-amiaud.com\/index.php\/wp-json\/wp\/v2\/comments?post=85"}],"version-history":[{"count":26,"href":"https:\/\/champagne-desbordes-amiaud.com\/index.php\/wp-json\/wp\/v2\/pages\/85\/revisions"}],"predecessor-version":[{"id":614,"href":"https:\/\/champagne-desbordes-amiaud.com\/index.php\/wp-json\/wp\/v2\/pages\/85\/revisions\/614"}],"wp:attachment":[{"href":"https:\/\/champagne-desbordes-amiaud.com\/index.php\/wp-json\/wp\/v2\/media?parent=85"}],"curies":[{"name":"wp","href":"https:\/\/api.w.org\/{rel}","templated":true}]}}